{"id":26027,"date":"2020-11-07T08:49:49","date_gmt":"2020-11-07T06:49:49","guid":{"rendered":"http:\/\/afoigatidi.gr\/?post_type=product&#038;p=26027"},"modified":"2025-08-27T21:41:01","modified_gmt":"2025-08-27T18:41:01","slug":"katsavidi-ff-group-6tem-660-1-6","status":"publish","type":"product","link":"https:\/\/afoigatidi.gr\/en\/product\/katsavidi-ff-group-6tem-660-1-6\/","title":{"rendered":"\u039a\u0391\u03a4\u03a3\u0391\u0392\u0399\u0394\u0399 FF GROUP 6\u03c4\u03b5\u03bc 660 1\/6"},"content":{"rendered":"<p>\u03a3\u03b5\u03c4 \u03ba\u03b1\u03c4\u03c3\u03b1\u03b2\u03af\u03b4\u03b9\u03b1 \u03b7\u03bb\u03b5\u03ba\u03c4\u03c1\u03bf\u03bb\u03cc\u03b3\u03bf\u03c5 6 \u03c4\u03b5\u03bc\u03b1\u03c7\u03af\u03c9\u03bd.<br \/>\n4 \u03c3\u03c4\u03b1\u03c5\u03c1\u03bf\u03cd (3\u00d775mm, 4\u00d7100mm, 5.5\u00d7125mm, 6.5\u00d7150mm)<br \/>\n2 PZ (\u039d\u03bf1 &amp;amp; \u039d\u03bf2)<\/p>","protected":false},"excerpt":{"rendered":"<p>\u03a3\u03b5\u03c4 \u03ba\u03b1\u03c4\u03c3\u03b1\u03b2\u03af\u03b4\u03b9\u03b1 \u03b7\u03bb\u03b5\u03ba\u03c4\u03c1\u03bf\u03bb\u03cc\u03b3\u03bf\u03c5 6 \u03c4\u03b5\u03bc\u03b1\u03c7\u03af\u03c9\u03bd. 4 \u03c3\u03c4\u03b1\u03c5\u03c1\u03bf\u03cd (3\u00d775mm, 4\u00d7100mm, 5.5\u00d7125mm, 6.5\u00d7150mm) 2 PZ (\u039d\u03bf1 &amp;amp; \u039d\u03bf2)<\/p>","protected":false},"featured_media":26028,"template":"","meta":[],"pwb-brand":[834],"product_brand":[],"product_cat":[137],"product_tag":[473],"class_list":{"0":"post-26027","1":"product","2":"type-product","3":"status-publish","4":"has-post-thumbnail","6":"pwb-brand-f-f-group","7":"product_cat-katsavidia","8":"product_tag-f-f-group","10":"first","11":"outofstock","12":"taxable","13":"shipping-taxable","14":"purchasable","15":"product-type-simple"},"jetpack_sharing_enabled":true,"brands":[{"id":834,"name":"F.F Group","slug":"f-f-group"}],"_links":{"self":[{"href":"https:\/\/afoigatidi.gr\/en\/wp-json\/wp\/v2\/product\/26027","targetHints":{"allow":["GET"]}}],"collection":[{"href":"https:\/\/afoigatidi.gr\/en\/wp-json\/wp\/v2\/product"}],"about":[{"href":"https:\/\/afoigatidi.gr\/en\/wp-json\/wp\/v2\/types\/product"}],"wp:featuredmedia":[{"embeddable":true,"href":"https:\/\/afoigatidi.gr\/en\/wp-json\/wp\/v2\/media\/26028"}],"wp:attachment":[{"href":"https:\/\/afoigatidi.gr\/en\/wp-json\/wp\/v2\/media?parent=26027"}],"wp:term":[{"taxonomy":"pwb-brand","embeddable":true,"href":"https:\/\/afoigatidi.gr\/en\/wp-json\/wp\/v2\/pwb-brand?post=26027"},{"taxonomy":"product_brand","embeddable":true,"href":"https:\/\/afoigatidi.gr\/en\/wp-json\/wp\/v2\/product_brand?post=26027"},{"taxonomy":"product_cat","embeddable":true,"href":"https:\/\/afoigatidi.gr\/en\/wp-json\/wp\/v2\/product_cat?post=26027"},{"taxonomy":"product_tag","embeddable":true,"href":"https:\/\/afoigatidi.gr\/en\/wp-json\/wp\/v2\/product_tag?post=26027"}],"curies":[{"name":"wp","href":"https:\/\/api.w.org\/{rel}","templated":true}]}}